{"id":290,"date":"2025-04-04T05:50:06","date_gmt":"2025-04-04T05:50:06","guid":{"rendered":"https:\/\/etercom.com.mx\/sitio\/?page_id=290"},"modified":"2025-04-04T06:05:08","modified_gmt":"2025-04-04T06:05:08","slug":"servicios","status":"publish","type":"page","link":"https:\/\/etercom.com.mx\/index.php\/servicios\/","title":{"rendered":"Servicios"},"content":{"rendered":"\n<figure class=\"wp-block-image aligncenter size-full is-resized\"><img loading=\"lazy\" decoding=\"async\" width=\"324\" height=\"286\" src=\"https:\/\/etercom.com.mx\/wp-content\/uploads\/2025\/04\/PHOTO-2025-04-03-18-36-24.jpg\" alt=\"\" class=\"wp-image-247\" style=\"width:168px;height:auto\" srcset=\"https:\/\/etercom.com.mx\/wp-content\/uploads\/2025\/04\/PHOTO-2025-04-03-18-36-24.jpg 324w, https:\/\/etercom.com.mx\/wp-content\/uploads\/2025\/04\/PHOTO-2025-04-03-18-36-24-300x265.jpg 300w\" sizes=\"auto, (max-width: 324px) 100vw, 324px\" \/><\/figure>\n\n\n\n<h2 class=\"wp-block-heading has-text-align-center\">Servicios, Soporte y Mantenimiento<\/h2>\n\n\n\n<p class=\"has-text-align-center\">En Grupo Etercom Ofrecemos Servicios y Soporte T\u00e9cnico Calificado que se ajusta a las necesidades de cada proyecto.<\/p>\n\n\n\n<figure class=\"wp-block-image aligncenter size-large\"><img loading=\"lazy\" decoding=\"async\" width=\"1024\" height=\"683\" src=\"https:\/\/etercom.com.mx\/wp-content\/uploads\/2025\/04\/serviciosEtercom-1024x683.jpg\" alt=\"\" class=\"wp-image-266\" srcset=\"https:\/\/etercom.com.mx\/wp-content\/uploads\/2025\/04\/serviciosEtercom-1024x683.jpg 1024w, https:\/\/etercom.com.mx\/wp-content\/uploads\/2025\/04\/serviciosEtercom-300x200.jpg 300w, https:\/\/etercom.com.mx\/wp-content\/uploads\/2025\/04\/serviciosEtercom-2000x1333.jpg 2000w\" sizes=\"auto, (max-width: 1024px) 100vw, 1024px\" \/><\/figure>\n\n\n\n<div style=\"height:45px\" aria-hidden=\"true\" class=\"wp-block-spacer\"><\/div>\n\n\n\n<div class=\"wp-block-columns is-layout-flex wp-container-core-columns-is-layout-28f84493 wp-block-columns-is-layout-flex\">\n<div class=\"wp-block-column is-layout-flow wp-block-column-is-layout-flow\">\n<ul class=\"wp-block-list\">\n<li>Mantenimiento a Redes Satelitales.<\/li>\n\n\n\n<li>Cobertura nacional y continental.<\/li>\n\n\n\n<li>Proyecto, Venta e Instalaci\u00f3n de Telepuertos y Redes Satelitales Llave en Mano.<\/li>\n\n\n\n<li>Calibraci\u00f3n y ajuste de transmisores, codificadores, moduladores y antenas.<\/li>\n\n\n\n<li>Configuraci\u00f3n y mantenimiento de Head Ends y estaciones remotas.<\/li>\n\n\n\n<li> Orientaci\u00f3n y ajuste de \u00f3ptica en antenas para cumplir con patrones de radiaci\u00f3n.<\/li>\n<\/ul>\n<\/div>\n\n\n\n<div class=\"wp-block-column is-layout-flow wp-block-column-is-layout-flow\">\n<ul class=\"wp-block-list\">\n<li>Mantenimiento Preventivo y Correctivo Head Ends y sitios remotos.<\/li>\n\n\n\n<li>Reparaci\u00f3n y Soporte T\u00e9cnico.<\/li>\n\n\n\n<li>Diagn\u00f3stico y reparaci\u00f3n de equipos de comunicaciones en laboratorio o f\u00e1brica.<\/li>\n\n\n\n<li>Gesti\u00f3n de exportaciones e importaciones. temporales para servicio de equipo.<\/li>\n\n\n\n<li>Suministro e importaci\u00f3n de refacciones despu\u00e9s de diagn\u00f3stico de fallas.<\/li>\n\n\n\n<li>Soporte t\u00e9cnico v\u00eda telef\u00f3nica (Call Center) y en sitio garantizando estabilidad, rendimiento y continuidad operativa.<\/li>\n<\/ul>\n<\/div>\n\n\n\n<div class=\"wp-block-column is-layout-flow wp-block-column-is-layout-flow\">\n<ul class=\"wp-block-list\">\n<li>Renta de Unidades M\u00f3viles Satelitales, Certificadas.<\/li>\n\n\n\n<li>Disponibilidad en Banda C y Banda KU.<\/li>\n\n\n\n<li>Servicio de enlace satelital.<\/li>\n\n\n\n<li>Soluciones de Conectividad.<\/li>\n\n\n\n<li>Streaming Video en vivo punto a punto y multipunto y redes sociales.<\/li>\n\n\n\n<li>Internet satelital para eventos.<\/li>\n\n\n\n<li>Fabricaci\u00f3n y Mantenimiento a Torres para antenas ATSC, FM y Microondas.<\/li>\n<\/ul>\n<\/div>\n<\/div>\n","protected":false},"excerpt":{"rendered":"<p>Servicios, Soporte y Mantenimiento En Grupo Etercom Ofrecemos Servicios y Soporte T\u00e9cnico Calificado que se ajusta a las necesidades de cada proyecto.<\/p>\n","protected":false},"author":1,"featured_media":0,"parent":0,"menu_order":0,"comment_status":"closed","ping_status":"closed","template":"","meta":{"footnotes":""},"class_list":["post-290","page","type-page","status-publish","hentry"],"_links":{"self":[{"href":"https:\/\/etercom.com.mx\/index.php\/wp-json\/wp\/v2\/pages\/290","targetHints":{"allow":["GET"]}}],"collection":[{"href":"https:\/\/etercom.com.mx\/index.php\/wp-json\/wp\/v2\/pages"}],"about":[{"href":"https:\/\/etercom.com.mx\/index.php\/wp-json\/wp\/v2\/types\/page"}],"author":[{"embeddable":true,"href":"https:\/\/etercom.com.mx\/index.php\/wp-json\/wp\/v2\/users\/1"}],"replies":[{"embeddable":true,"href":"https:\/\/etercom.com.mx\/index.php\/wp-json\/wp\/v2\/comments?post=290"}],"version-history":[{"count":9,"href":"https:\/\/etercom.com.mx\/index.php\/wp-json\/wp\/v2\/pages\/290\/revisions"}],"predecessor-version":[{"id":305,"href":"https:\/\/etercom.com.mx\/index.php\/wp-json\/wp\/v2\/pages\/290\/revisions\/305"}],"wp:attachment":[{"href":"https:\/\/etercom.com.mx\/index.php\/wp-json\/wp\/v2\/media?parent=290"}],"curies":[{"name":"wp","href":"https:\/\/api.w.org\/{rel}","templated":true}]}}