{"id":13,"date":"2025-04-01T19:56:14","date_gmt":"2025-04-01T19:56:14","guid":{"rendered":"https:\/\/etercom.com.mx\/sitio\/?page_id=13"},"modified":"2025-04-04T06:07:48","modified_gmt":"2025-04-04T06:07:48","slug":"contacto-2","status":"publish","type":"page","link":"https:\/\/etercom.com.mx\/index.php\/contacto-2\/","title":{"rendered":"Contacto"},"content":{"rendered":"\n<div class=\"wp-block-group has-global-padding is-layout-constrained wp-block-group-is-layout-constrained\">\n<div class=\"wp-block-columns are-vertically-aligned-top is-layout-flex wp-container-core-columns-is-layout-d7d455e7 wp-block-columns-is-layout-flex\" style=\"padding-top:0;padding-right:0;padding-bottom:0;padding-left:0\">\n<div class=\"wp-block-column is-vertically-aligned-top is-layout-flow wp-block-column-is-layout-flow\" style=\"padding-right:7%;flex-basis:50%\">\n<p class=\"has-text-color\" style=\"color:#0bb4aa\"><strong>LET\u00b4S CONNECT!<\/strong><\/p>\n\n\n\n<h2 class=\"wp-block-heading has-large-font-size\">\u00bfQui\u00e9res iniciar un proyecto con nosotros?<\/h2>\n<\/div>\n<\/div>\n<\/div>\n\n\n\n<div class=\"wp-block-group is-nowrap is-layout-flex wp-container-core-group-is-layout-6c531013 wp-block-group-is-layout-flex\">\n<div class=\"wp-block-media-text is-stacked-on-mobile\"><figure class=\"wp-block-media-text__media\"><img loading=\"lazy\" decoding=\"async\" width=\"1024\" height=\"639\" src=\"https:\/\/etercom.com.mx\/wp-content\/uploads\/2025\/04\/business-people-using-internet-1024x639.jpg\" alt=\"\" class=\"wp-image-119 size-full\" srcset=\"https:\/\/etercom.com.mx\/wp-content\/uploads\/2025\/04\/business-people-using-internet-1024x639.jpg 1024w, https:\/\/etercom.com.mx\/wp-content\/uploads\/2025\/04\/business-people-using-internet-300x187.jpg 300w, https:\/\/etercom.com.mx\/wp-content\/uploads\/2025\/04\/business-people-using-internet-2000x1248.jpg 2000w\" sizes=\"auto, (max-width: 1024px) 100vw, 1024px\" \/><\/figure><div class=\"wp-block-media-text__content\">\n<p>Estamos ubicados en la Ciudad de M\u00e9xico, y contamos con servicio a toda la Rep\u00fablica Mexicana.<br>Col. Portales, Alcald\u00eda Benito Ju\u00e1rez, CDMX. <br>C.P. 03300<\/p>\n\n\n\n<h3 class=\"wp-block-heading\"><strong>Email<\/strong><\/h3>\n\n\n\n<p>info@etercom.com.mx<\/p>\n\n\n\n<h3 class=\"wp-block-heading\"><strong>Tel\u00e9fono<\/strong><\/h3>\n\n\n\n<p>+52 55 52430887<\/p>\n\n\n\n<div class=\"wp-block-outermost-icon-block\"><a class=\"icon-container\" href=\"https:\/\/wa.me\/+525554084051\" style=\"width:48px;transform:rotate(0deg) scaleX(1) scaleY(1)\"><svg width=\"24\" height=\"24\" viewBox=\"0 0 24 24\" version=\"1.1\" aria-hidden=\"true\"><path d=\"M 12.011719 2 C 6.5057187 2 2.0234844 6.478375 2.0214844 11.984375 C 2.0204844 13.744375 2.4814687 15.462563 3.3554688 16.976562 L 2 22 L 7.2324219 20.763672 C 8.6914219 21.559672 10.333859 21.977516 12.005859 21.978516 L 12.009766 21.978516 C 17.514766 21.978516 21.995047 17.499141 21.998047 11.994141 C 22.000047 9.3251406 20.962172 6.8157344 19.076172 4.9277344 C 17.190172 3.0407344 14.683719 2.001 12.011719 2 z M 12.009766 4 C 14.145766 4.001 16.153109 4.8337969 17.662109 6.3417969 C 19.171109 7.8517969 20.000047 9.8581875 19.998047 11.992188 C 19.996047 16.396187 16.413812 19.978516 12.007812 19.978516 C 10.674812 19.977516 9.3544062 19.642812 8.1914062 19.007812 L 7.5175781 18.640625 L 6.7734375 18.816406 L 4.8046875 19.28125 L 5.2851562 17.496094 L 5.5019531 16.695312 L 5.0878906 15.976562 C 4.3898906 14.768562 4.0204844 13.387375 4.0214844 11.984375 C 4.0234844 7.582375 7.6067656 4 12.009766 4 z M 8.4765625 7.375 C 8.3095625 7.375 8.0395469 7.4375 7.8105469 7.6875 C 7.5815469 7.9365 6.9355469 8.5395781 6.9355469 9.7675781 C 6.9355469 10.995578 7.8300781 12.182609 7.9550781 12.349609 C 8.0790781 12.515609 9.68175 15.115234 12.21875 16.115234 C 14.32675 16.946234 14.754891 16.782234 15.212891 16.740234 C 15.670891 16.699234 16.690438 16.137687 16.898438 15.554688 C 17.106437 14.971687 17.106922 14.470187 17.044922 14.367188 C 16.982922 14.263188 16.816406 14.201172 16.566406 14.076172 C 16.317406 13.951172 15.090328 13.348625 14.861328 13.265625 C 14.632328 13.182625 14.464828 13.140625 14.298828 13.390625 C 14.132828 13.640625 13.655766 14.201187 13.509766 14.367188 C 13.363766 14.534188 13.21875 14.556641 12.96875 14.431641 C 12.71875 14.305641 11.914938 14.041406 10.960938 13.191406 C 10.218937 12.530406 9.7182656 11.714844 9.5722656 11.464844 C 9.4272656 11.215844 9.5585938 11.079078 9.6835938 10.955078 C 9.7955938 10.843078 9.9316406 10.663578 10.056641 10.517578 C 10.180641 10.371578 10.223641 10.267562 10.306641 10.101562 C 10.389641 9.9355625 10.347156 9.7890625 10.285156 9.6640625 C 10.223156 9.5390625 9.737625 8.3065 9.515625 7.8125 C 9.328625 7.3975 9.131125 7.3878594 8.953125 7.3808594 C 8.808125 7.3748594 8.6425625 7.375 8.4765625 7.375 z\"><\/path><\/svg><\/a><\/div>\n<\/div><\/div>\n<\/div>\n\n\n\n<p><\/p>\n","protected":false},"excerpt":{"rendered":"<p>LET\u00b4S CONNECT! \u00bfQui\u00e9res iniciar un proyecto con nosotros? Estamos ubicados en la Ciudad de M\u00e9xico, y contamos con servicio a toda la Rep\u00fablica Mexicana.Col. Portales, Alcald\u00eda Benito Ju\u00e1rez, CDMX. C.P. 03300 Email info@etercom.com.mx Tel\u00e9fono +52 55 52430887<\/p>\n","protected":false},"author":1,"featured_media":101,"parent":0,"menu_order":0,"comment_status":"closed","ping_status":"closed","template":"","meta":{"footnotes":""},"class_list":["post-13","page","type-page","status-publish","has-post-thumbnail","hentry"],"_links":{"self":[{"href":"https:\/\/etercom.com.mx\/index.php\/wp-json\/wp\/v2\/pages\/13","targetHints":{"allow":["GET"]}}],"collection":[{"href":"https:\/\/etercom.com.mx\/index.php\/wp-json\/wp\/v2\/pages"}],"about":[{"href":"https:\/\/etercom.com.mx\/index.php\/wp-json\/wp\/v2\/types\/page"}],"author":[{"embeddable":true,"href":"https:\/\/etercom.com.mx\/index.php\/wp-json\/wp\/v2\/users\/1"}],"replies":[{"embeddable":true,"href":"https:\/\/etercom.com.mx\/index.php\/wp-json\/wp\/v2\/comments?post=13"}],"version-history":[{"count":28,"href":"https:\/\/etercom.com.mx\/index.php\/wp-json\/wp\/v2\/pages\/13\/revisions"}],"predecessor-version":[{"id":307,"href":"https:\/\/etercom.com.mx\/index.php\/wp-json\/wp\/v2\/pages\/13\/revisions\/307"}],"wp:featuredmedia":[{"embeddable":true,"href":"https:\/\/etercom.com.mx\/index.php\/wp-json\/wp\/v2\/media\/101"}],"wp:attachment":[{"href":"https:\/\/etercom.com.mx\/index.php\/wp-json\/wp\/v2\/media?parent=13"}],"curies":[{"name":"wp","href":"https:\/\/api.w.org\/{rel}","templated":true}]}}